{"id":30,"date":"2019-10-11T13:28:34","date_gmt":"2019-10-11T11:28:34","guid":{"rendered":"http:\/\/projektaccess.provins.se\/?page_id=30"},"modified":"2024-07-17T09:39:05","modified_gmt":"2024-07-17T07:39:05","slug":"tjanster","status":"publish","type":"page","link":"https:\/\/projektaccess.com\/index.php\/tjanster\/","title":{"rendered":"TJ\u00c4NSTER"},"content":{"rendered":"<p><div class=\"fusion-fullwidth fullwidth-box fusion-builder-row-1 nonhundred-percent-fullwidth non-hundred-percent-height-scrolling fusion-equal-height-columns\" style=\"--awb-border-radius-top-left:0px;--awb-border-radius-top-right:0px;--awb-border-radius-bottom-right:0px;--awb-border-radius-bottom-left:0px;--awb-padding-top:4%;--awb-margin-top:0%;--awb-margin-bottom:0%;--awb-background-color:rgba(23,129,186,0.13);--awb-flex-wrap:wrap;\" ><div class=\"fusion-builder-row fusion-row\"><div class=\"fusion-layout-column fusion_builder_column fusion-builder-column-0 fusion_builder_column_3_5 3_5 fusion-three-fifth fusion-column-first\" style=\"--awb-padding-top:5%;--awb-padding-right:5%;--awb-padding-bottom:5%;--awb-padding-left:5%;--awb-bg-color:#ffffff;--awb-bg-color-hover:#ffffff;--awb-bg-size:cover;--awb-border-color:#1e296b;--awb-border-style:solid;width:60%;width:calc(60% - ( ( 2% ) * 0.6 ) );margin-right: 2%;\"><div class=\"fusion-column-wrapper fusion-column-has-shadow fusion-flex-column-wrapper-legacy\"><div class=\"fusion-text fusion-text-1\"><h2>Besiktning<\/h2>\n<p><strong>Entreprenadbesiktningen<\/strong> kontrollerar b\u00e5de att st\u00e4llda krav enligt kontraktet f\u00f6r en entreprenad \u00e4r uppfyllda, samt det som parterna kommit \u00f6verens om under entreprenadtiden. Besiktning kan ske b\u00e5de f\u00f6re, under och efter entreprenadens f\u00e4rdigst\u00e4llande(f\u00f6r-, slut och efterbesiktning). Efter godk\u00e4nd slutbesiktning b\u00f6rjar normalt garantitid och kopplat till den kommer garantibesiktning. Typen av entreprenader kan vara AB04, ABT06, NML10, mm<\/p>\n<p>Oavsett entreprenadform tillhandah\u00e5ller vi enstaka besiktningsm\u00e4n eller kompletta besiktningsorganisationer med besiktningsman och bitr\u00e4dande besiktningsm\u00e4n.<\/p>\n<p><strong>Garantibesiktning <\/strong>Besiktning vanligtvis efter 2 \u00e5r och innan 5-\u00e5r efter att huset byggdes. Denna besiktning f\u00f6r att via en oberoende besiktningsman notera fel som framtr\u00e4tt efter att huset slutbesiktigats.<\/p>\n<p><strong>Statusbesiktning.<\/strong> Precis som det l\u00e5ter. Denna besiktning kontrolleras anl\u00e4ggningens skick\/status. Det kan vara en l\u00e4mplig form av besiktning inf\u00f6r en ombyggnad eller om man misst\u00e4nker att ens anl\u00e4ggning innehar fel. H\u00e4r erbjuder vi \u00e4ven tj\u00e4nsten att s\u00e4tta en budget \u00f6ver tid baserad p\u00e5 skick\/status. D\u00e5 vet ni n\u00e4r ni ska avs\u00e4tta medel f\u00f6r underh\u00e5ll eller investeringar.<\/p>\n<p>Beh\u00f6ver ni enstaka resurs eller hel organisation hj\u00e4lper vi er med detta.<\/p>\n<p><em>Certifierade av RISE &#8211; Research Institutes of Sweden(FD SP)<\/em><br \/><em>Medlemar i SBR:s entreprenadbesiktninggrupp<\/em><\/p>\n<\/div><div class=\"fusion-clearfix\"><\/div><\/div><\/div><div class=\"fusion-layout-column fusion_builder_column fusion-builder-column-1 fusion_builder_column_2_5 2_5 fusion-two-fifth fusion-column-last\" style=\"--awb-padding-top:10%;--awb-padding-right:10%;--awb-padding-bottom:10%;--awb-padding-left:10%;--awb-bg-color:#ffffff;--awb-bg-color-hover:#ffffff;--awb-bg-size:cover;--awb-border-color:#1e296b;--awb-border-style:solid;width:40%;width:calc(40% - ( ( 2% ) * 0.4 ) );\"><div class=\"fusion-column-wrapper fusion-column-has-shadow fusion-flex-column-wrapper-legacy\"><div class=\"fusion-text fusion-text-2\"><h2 class=\"wb-stl-normal\">Projekt- och Byggledning\/<br \/>Byggplatsuppf\u00f6ljning<\/h2>\n<h4 class=\"wb-stl-normal\"><strong>Projektledning<\/strong><\/h4>\n<p class=\"wb-stl-normal\">Projektledarens roll \u00e4r att styra, leda eller koordinera alla aktiviteter och funktioner inom ett projekt. I rollen ing\u00e5r att st\u00e4mma av de olika delarna i projektet inklusive rapportering. Normalt ing\u00e5r det en organisation \u00a0best\u00e5ende\u00a0av specialister inom sina respektive omr\u00e5den.<\/p>\n<p class=\"wb-stl-normal\">Beh\u00f6ver ni enstaka resurs eller hel organisation hj\u00e4lper vi er med detta.<\/p>\n<div class=\"fusion-sep-clear\"><\/div><div class=\"fusion-separator fusion-full-width-sep\" style=\"margin-left: auto;margin-right: auto;margin-top:0%;margin-bottom:6%;width:100%;\"><div class=\"fusion-separator-border sep-single sep-solid\" style=\"--awb-height:20px;--awb-amount:20px;--awb-sep-color:#7f7d7c;border-color:#7f7d7c;border-top-width:1px;\"><\/div><\/div><div class=\"fusion-sep-clear\"><\/div>\n<h2>Byggledning\/<br \/>byggplatsuppf\u00f6ljning<\/h2>\n<p>Byggledaren eller byggplatsuppf\u00f6ljaren f\u00f6ljer upp s\u00e5 att entreprenaden genomf\u00f6rs i \u00f6verensst\u00e4mmelse med kontrakt och \u00f6verenskommelser under entreprenadtiden samt i normalfallet rapporterar till Projektledaren. Byggledaren eller byggplatsuppf\u00f6ljaren f\u00f6ljer \u00e4ven upp entreprenadens egenkontroller inom kvalitet, milj\u00f6, s\u00e4kerhet och arbetsmilj\u00f6 s\u00e5 att de genomf\u00f6rs efter \u00f6verenskomna planer.<\/p>\n<p>Beh\u00f6ver ni enstaka resurs eller hel organisation hj\u00e4lper vi er med detta.<\/p>\n<\/div><div class=\"fusion-clearfix\"><\/div><\/div><\/div><\/div><\/div><div class=\"fusion-fullwidth fullwidth-box fusion-builder-row-2 nonhundred-percent-fullwidth non-hundred-percent-height-scrolling\" style=\"--awb-border-radius-top-left:0px;--awb-border-radius-top-right:0px;--awb-border-radius-bottom-right:0px;--awb-border-radius-bottom-left:0px;--awb-padding-top:0%;--awb-padding-right:0%;--awb-padding-bottom:0%;--awb-padding-left:0%;--awb-margin-top:0%;--awb-margin-bottom:0%;--awb-flex-wrap:wrap;\" ><div class=\"fusion-builder-row fusion-row\"><div class=\"fusion-layout-column fusion_builder_column fusion-builder-column-2 fusion_builder_column_2_5 2_5 fusion-two-fifth fusion-column-first\" style=\"--awb-padding-top:0px;--awb-padding-right:0px;--awb-padding-bottom:0px;--awb-padding-left:0px;--awb-bg-color:rgba(255,255,255,0.13);--awb-bg-color-hover:rgba(255,255,255,0.13);--awb-bg-size:cover;--awb-border-color:#1e296b;--awb-border-style:solid;width:40%;width:calc(40% - ( ( 2% ) * 0.4 ) );margin-right: 2%;\"><div class=\"fusion-column-wrapper fusion-column-has-shadow fusion-flex-column-wrapper-legacy\"><div class=\"fusion-text fusion-text-3\"><h2>Produktionsledning<\/h2>\n<p>Denna roll \u00e4r n\u00e4ra rollen som byggledare\/byggplatsuppf\u00f6ljaren. Skillnaden \u00e4r att denna roll har mer fokus p\u00e5 att produktionen.<\/p>\n<p>Beh\u00f6ver ni enstaka resurs eller hel organisation hj\u00e4lper vi er med detta.<\/p>\n<div class=\"fusion-sep-clear\"><\/div><div class=\"fusion-separator fusion-full-width-sep\" style=\"margin-left: auto;margin-right: auto;margin-top:0%;margin-bottom:6%;width:100%;\"><div class=\"fusion-separator-border sep-single sep-solid\" style=\"--awb-height:20px;--awb-amount:20px;--awb-sep-color:#7f7d7c;border-color:#7f7d7c;border-top-width:1px;\"><\/div><\/div><div class=\"fusion-sep-clear\"><\/div>\n<h2>Installationssamordning<\/h2>\n<p>Installationssamordnaren \u00e4r precis som det l\u00e5ter en person som samordnar de olika installationerna. Olika tekniker som samordnas \u00e4r VVS och El.<\/p>\n<p>Beh\u00f6ver ni enstaka resurs eller hel organisation hj\u00e4lper vi er med detta.<\/p>\n<div class=\"fusion-sep-clear\"><\/div><div class=\"fusion-separator fusion-full-width-sep\" style=\"margin-left: auto;margin-right: auto;margin-top:0%;margin-bottom:6%;width:100%;\"><div class=\"fusion-separator-border sep-single sep-solid\" style=\"--awb-height:20px;--awb-amount:20px;--awb-sep-color:#7f7d7c;border-color:#7f7d7c;border-top-width:1px;\"><\/div><\/div><div class=\"fusion-sep-clear\"><\/div>\n<h2>Bas-P\/Bas-U<\/h2>\n<p>Byggarbetsmilj\u00f6samordnare f\u00f6r Projektering och Utf\u00f6rande . Denna person ansvarar f\u00f6r att projekteringen\/utf\u00f6randet utf\u00f6rs s\u00e5 att arbetsmilj\u00f6n p\u00e5 bygg och anl\u00e4ggningsarbetsplatser uppn\u00e5s enligt g\u00e4llande lagar och regler. Denna funktion finns med i Arbetsmilj\u00f6lagen som ett krav f\u00f6r bygg och anl\u00e4ggningsarbeten.<\/p>\n<\/div><div class=\"fusion-clearfix\"><\/div><\/div><\/div><div class=\"fusion-layout-column fusion_builder_column fusion-builder-column-3 fusion_builder_column_3_5 3_5 fusion-three-fifth fusion-column-last\" style=\"--awb-padding-top:0px;--awb-padding-right:0px;--awb-padding-bottom:0px;--awb-padding-left:0px;--awb-bg-color:rgba(255,255,255,0.93);--awb-bg-color-hover:rgba(255,255,255,0.93);--awb-bg-size:cover;--awb-border-color:#1e296b;--awb-border-style:solid;width:60%;width:calc(60% - ( ( 2% ) * 0.6 ) );\"><div class=\"fusion-column-wrapper fusion-column-has-shadow fusion-flex-column-wrapper-legacy\"><div class=\"fusion-text fusion-text-4\"><h2>Kontrollansvarig<\/h2>\n<p>Du som ska bygga, riva eller utf\u00f6ra markarbeten kan beh\u00f6va en kontrollansvarig, KA, f\u00f6r ditt projekt. Du beh\u00f6ver oftast inte en kontrollansvarig om du bara ska g\u00f6ra sm\u00e5 \u00e4ndringar av till exempel ett en- och tv\u00e5bostadshus. N\u00e4r du utf\u00f6r en \u00e5tg\u00e4rd som varken kr\u00e4ver lov eller anm\u00e4lan kr\u00e4vs aldrig en kontrollansvarig. Den kontrollansvarige du anlitar m\u00e5ste vara certifierad. Kravet finns i EU:s tj\u00e4nstedirektiv och inneb\u00e4r att bara personer som \u00e4r certifierade f\u00e5r g\u00f6ra det en kontrollansvarig ska g\u00f6ra. Den kontrollansvarige ska medverka till att ditt projekt uppfyller kraven i bygglagstiftningen. Den kontrollansvarige ska bland annat hj\u00e4lpa dig att ta fram ett f\u00f6rslag till kontrollplan.<\/p>\n<p>Den kontrollansvarige ska ocks\u00e5 se till att kontrollplanen f\u00f6ljs, vara med vid det tekniska samr\u00e5det, besiktningar och andra kontroller samt skriva ett utl\u00e5tande som ska vara underlag f\u00f6r byggnadsn\u00e4mndens slutbesked. Den kontrollansvarige m\u00e5ste ha en sj\u00e4lvst\u00e4ndig st\u00e4llning. Det betyder till exempel att han eller hon inte f\u00e5r vara n\u00e4ra sl\u00e4kt med den som utf\u00f6r \u00e5tg\u00e4rden eller arbeta p\u00e5 samma f\u00f6retag. F\u00f6r att bli certifierad kr\u00e4vs kunskap, erfarenhet och l\u00e4mplighet f\u00f6r uppgiften. Certifieringar f\u00e5r endast utf\u00e4rdas av certifieringsorgan, det vill s\u00e4ga f\u00f6retag som har ackrediterats f\u00f6r denna uppgift av myndigheten Swedac.<\/p>\n<div class=\"fusion-sep-clear\"><\/div><div class=\"fusion-separator fusion-full-width-sep\" style=\"margin-left: auto;margin-right: auto;margin-top:0%;margin-bottom:6%;width:100%;\"><div class=\"fusion-separator-border sep-single sep-solid\" style=\"--awb-height:20px;--awb-amount:20px;--awb-sep-color:#7f7d7c;border-color:#7f7d7c;border-top-width:1px;\"><\/div><\/div><div class=\"fusion-sep-clear\"><\/div>\n<h2>Granskning<\/h2>\n<p>Beh\u00f6ver ni f\u00e5 t.ex. en projektering granskad eller ett komplett f\u00f6rfr\u00e5gningsuppdrag granskat innan ni skickar ut det f\u00f6r upphandling?\u00a0 Granskningen kontrollerar allt ifr\u00e5n hur det \u00e4r skrivet samt det tekniska inneh\u00e5llet.<\/p>\n<\/div><div class=\"fusion-clearfix\"><\/div><\/div><\/div><div class=\"fusion-layout-column fusion_builder_column fusion-builder-column-4 fusion_builder_column_2_5 2_5 fusion-two-fifth fusion-column-first\" style=\"--awb-padding-top:10%;--awb-padding-right:10%;--awb-padding-bottom:10%;--awb-padding-left:10%;--awb-bg-color:#ffffff;--awb-bg-color-hover:#ffffff;--awb-bg-size:cover;--awb-border-color:#1e296b;--awb-border-style:solid;width:40%;width:calc(40% - ( ( 2% ) * 0.4 ) );margin-right: 2%;\"><div class=\"fusion-column-wrapper fusion-column-has-shadow fusion-flex-column-wrapper-legacy\"><div class=\"fusion-text fusion-text-5\"><h2>Riskkbed\u00f6mning av elanl\u00e4ggningar<\/h2>\n<p>Enligt Els\u00e4kerhetsverkets f\u00f6reskrifter och allm\u00e4nna r\u00e5d ska varje elanl\u00e4ggningsinnehavare ha rutiner f\u00f6r fortl\u00f6pande kontroll. Innehavaren ska fastst\u00e4lla rutiner f\u00f6r den fortl\u00f6pande kontrollen. Rutinerna ska grunda sig p\u00e5 en riskbed\u00f6mning som tagit h\u00e4nsyn till starkstr\u00f6msanl\u00e4ggningens och den elektriska utrustningens utf\u00f6rande, \u00e5lder, omgivande milj\u00f6 och anv\u00e4ndning. Rutinerna ska dokumenteras.\u00a0<\/p>\n<\/div><div class=\"fusion-clearfix\"><\/div><\/div><\/div><div class=\"fusion-layout-column fusion_builder_column fusion-builder-column-5 fusion_builder_column_3_5 3_5 fusion-three-fifth fusion-column-last\" style=\"--awb-padding-top:5%;--awb-padding-right:5%;--awb-padding-bottom:5%;--awb-padding-left:5%;--awb-bg-color:#ffffff;--awb-bg-color-hover:#ffffff;--awb-bg-size:cover;--awb-border-color:#1e296b;--awb-border-style:solid;width:60%;width:calc(60% - ( ( 2% ) * 0.6 ) );\"><div class=\"fusion-column-wrapper fusion-column-has-shadow fusion-flex-column-wrapper-legacy\"><div class=\"fusion-text fusion-text-6\"><p>\u00a0<\/p>\n<h2>Brandlarm\/sprinkler<\/h2>\n<p>Beh\u00f6ver ni hj\u00e4lp med granskning av brandlarmsprojektering, entreprenadbesiktning, leveransbesiktning, revisionsbesiktning mm har vi beh\u00f6righeterna som beh\u00f6vs.<\/p>\n<div class=\"fusion-sep-clear\"><\/div><div class=\"fusion-separator fusion-full-width-sep\" style=\"margin-left: auto;margin-right: auto;margin-top:0%;margin-bottom:6%;width:100%;\"><div class=\"fusion-separator-border sep-single sep-solid\" style=\"--awb-height:20px;--awb-amount:20px;--awb-sep-color:#7f7d7c;border-color:#7f7d7c;border-top-width:1px;\"><\/div><\/div><div class=\"fusion-sep-clear\"><\/div>\n<\/div><div class=\"fusion-clearfix\"><\/div><\/div><\/div><div class=\"fusion-layout-column fusion_builder_column fusion-builder-column-6 fusion_builder_column_1_1 1_1 fusion-one-full fusion-column-first fusion-column-last\" style=\"--awb-bg-size:cover;\"><div class=\"fusion-column-wrapper fusion-column-has-shadow fusion-flex-column-wrapper-legacy\"><div class=\"fusion-clearfix\"><\/div><\/div><\/div><\/div><\/div><div class=\"fusion-fullwidth fullwidth-box fusion-builder-row-3 nonhundred-percent-fullwidth non-hundred-percent-height-scrolling fusion-equal-height-columns\" style=\"--awb-border-radius-top-left:0px;--awb-border-radius-top-right:0px;--awb-border-radius-bottom-right:0px;--awb-border-radius-bottom-left:0px;--awb-background-color:rgba(255,255,255,0.13);--awb-flex-wrap:wrap;\" ><div class=\"fusion-builder-row fusion-row\"><\/div><\/div><div class=\"fusion-fullwidth fullwidth-box fusion-builder-row-4 nonhundred-percent-fullwidth non-hundred-percent-height-scrolling fusion-equal-height-columns\" style=\"--awb-border-radius-top-left:0px;--awb-border-radius-top-right:0px;--awb-border-radius-bottom-right:0px;--awb-border-radius-bottom-left:0px;--awb-padding-top:4%;--awb-padding-bottom:4%;--awb-margin-top:0%;--awb-margin-bottom:0%;--awb-background-color:rgba(23,129,186,0.13);--awb-flex-wrap:wrap;\" ><div class=\"fusion-builder-row fusion-row\"><\/div><\/div><\/p>\n","protected":false},"excerpt":{"rendered":"","protected":false},"author":1,"featured_media":0,"parent":0,"menu_order":0,"comment_status":"closed","ping_status":"closed","template":"100-width.php","meta":{"footnotes":""},"class_list":["post-30","page","type-page","status-publish","hentry"],"_links":{"self":[{"href":"https:\/\/projektaccess.com\/index.php\/wp-json\/wp\/v2\/pages\/30","targetHints":{"allow":["GET"]}}],"collection":[{"href":"https:\/\/projektaccess.com\/index.php\/wp-json\/wp\/v2\/pages"}],"about":[{"href":"https:\/\/projektaccess.com\/index.php\/wp-json\/wp\/v2\/types\/page"}],"author":[{"embeddable":true,"href":"https:\/\/projektaccess.com\/index.php\/wp-json\/wp\/v2\/users\/1"}],"replies":[{"embeddable":true,"href":"https:\/\/projektaccess.com\/index.php\/wp-json\/wp\/v2\/comments?post=30"}],"version-history":[{"count":30,"href":"https:\/\/projektaccess.com\/index.php\/wp-json\/wp\/v2\/pages\/30\/revisions"}],"predecessor-version":[{"id":189,"href":"https:\/\/projektaccess.com\/index.php\/wp-json\/wp\/v2\/pages\/30\/revisions\/189"}],"wp:attachment":[{"href":"https:\/\/projektaccess.com\/index.php\/wp-json\/wp\/v2\/media?parent=30"}],"curies":[{"name":"wp","href":"https:\/\/api.w.org\/{rel}","templated":true}]}}