{"id":60,"date":"2019-10-11T14:53:17","date_gmt":"2019-10-11T12:53:17","guid":{"rendered":"http:\/\/projektaccess.provins.se\/?page_id=60"},"modified":"2026-02-24T06:28:16","modified_gmt":"2026-02-24T05:28:16","slug":"referensuppdrag","status":"publish","type":"page","link":"https:\/\/projektaccess.com\/index.php\/referensuppdrag\/","title":{"rendered":"REFERENSUPPDRAG"},"content":{"rendered":"<div class=\"fusion-fullwidth fullwidth-box fusion-builder-row-1 nonhundred-percent-fullwidth non-hundred-percent-height-scrolling\" style=\"--awb-border-radius-top-left:0px;--awb-border-radius-top-right:0px;--awb-border-radius-bottom-right:0px;--awb-border-radius-bottom-left:0px;--awb-padding-top:4%;--awb-padding-bottom:5%;--awb-margin-top:0%;--awb-margin-bottom:0%;--awb-background-color:rgba(23,129,186,0.13);--awb-flex-wrap:wrap;\" ><div class=\"fusion-builder-row fusion-row\"><div class=\"fusion-layout-column fusion_builder_column fusion-builder-column-0 fusion_builder_column_3_5 3_5 fusion-three-fifth fusion-column-first\" style=\"--awb-padding-top:5%;--awb-padding-right:5%;--awb-padding-bottom:5%;--awb-padding-left:5%;--awb-bg-color:#ffffff;--awb-bg-color-hover:#ffffff;--awb-bg-size:cover;--awb-border-color:#1e296b;--awb-border-top:0px;--awb-border-right:0px;--awb-border-bottom:0px;--awb-border-left:0px;--awb-border-style:solid;width:60%;width:calc(60% - ( ( 2% ) * 0.6 ) );margin-right: 2%;\"><div class=\"fusion-column-wrapper fusion-column-has-shadow fusion-flex-column-wrapper-legacy\"><div class=\"fusion-text fusion-text-1\"><p><strong>Nedan ett urval referensuppdrag.<\/strong><\/p>\n<p><b>P\u00e5g\u00e5ende<\/b>. Entreprenadbesiktning Victoriahem.<b><\/b><\/p>\n<p><b>P\u00e5g\u00e5ende<\/b>. Garantibesiktningar Resinova fastigheter runt om i Sverige.<b><\/b><\/p>\n<p><b>P\u00e5g\u00e5ende<\/b>. Garantibesiktningar NIAM fastigheter.<strong><\/strong><\/p>\n<p><strong>P\u00e5g\u00e5ende.<\/strong> Garantibesiktningar Storebrand fastigheter runt om i Sverige.<\/p>\n<p><strong>P\u00e5g\u00e5ende. <\/strong>Entreprenadbesiktning kvarterat Gerda i Bromsten. Ca 600 stycken l\u00e4genheter. Best\u00e4llare Sl\u00e4tt\u00f6. Entrepren\u00f6r COBAB.<\/p>\n<p><b>P\u00e5g\u00e5ende.<\/b> KA PBL fritidshus V\u00e4dd\u00f6.<strong><\/strong><\/p>\n<p><strong>P\u00e5g\u00e5ende.<\/strong> KA PBL fritidshus Smid\u00f6.<\/p>\n<p><b>P\u00e5g\u00e5ende<\/b>. KA PBL Scoutstuga i Upplands V\u00e4sby.<\/p>\n<p><strong>P\u00e5g\u00e5ende.<\/strong> Riskbed\u00f6mning av 70-talet elanl\u00e4ggningar Storebrand fastigheter.<\/p>\n<p><strong>P\u00e5g\u00e5ende<\/strong>. Besiktning av avfuktningssystem p\u00e5 H\u00f6ga Kusten bron. Trafikverket<\/p>\n<p><span style=\"color: var(--body_typography-color); font-family: var(--body_typography-font-family); font-size: var(--body_typography-font-size); font-style: var(--body_typography-font-style,normal); letter-spacing: var(--body_typography-letter-spacing);\"><b>P\u00e5g\u00e5r.<\/b><\/span><span style=\"color: var(--body_typography-color); font-family: var(--body_typography-font-family); font-size: var(--body_typography-font-size); font-style: var(--body_typography-font-style,normal); font-weight: var(--body_typography-font-weight); letter-spacing: var(--body_typography-letter-spacing);\"> Flertalet bitr\u00e4dande besiktningsuppdrag inom El- och Visten Consulting AB.<\/span><\/p>\n<p><span style=\"color: var(--body_typography-color); font-family: var(--body_typography-font-family); font-size: var(--body_typography-font-size); font-style: var(--body_typography-font-style,normal); letter-spacing: var(--body_typography-letter-spacing);\"><b>P\u00e5g\u00e5r.<\/b><\/span><span style=\"color: var(--body_typography-color); font-family: var(--body_typography-font-family); font-size: var(--body_typography-font-size); font-style: var(--body_typography-font-style,normal); font-weight: var(--body_typography-font-weight); letter-spacing: var(--body_typography-letter-spacing);\"> Flertalet bitr\u00e4dande besiktningsuppdrag inom El- och Teleinstallationer \u00e5t Leif Aronsson Bygg AB.<\/span><\/p>\n<p><b>P\u00e5g\u00e5r<\/b>. Garantibesiktning Tomteboda Bussdep\u00e5<span style=\"color: var(--body_typography-color); font-family: var(--body_typography-font-family); font-size: var(--body_typography-font-size); font-style: var(--body_typography-font-style,normal); font-weight: var(--body_typography-font-weight); letter-spacing: var(--body_typography-letter-spacing);\"><\/span><\/p>\n<p><b>P\u00e5g\u00e5r. <\/b>Flertalet entreprenadbesiktningar av Solelanl\u00e4ggningar. Bland annat \u00e5t AMF. Stockholmshem, Hufvudstaden mm.<\/p>\n<p><strong>Avslutad. <\/strong>Organisation f\u00f6r restv\u00e4rdes- och avl\u00e4mnandebesiktning Trafikverkets funktionsentreprenad p\u00e5 Norrortsleden.<\/p>\n<p><b><strong>Avslutad.<\/strong><\/b> Entreprenadbesiktningsorganisation Tomteboda bussdep\u00e5.<\/p><\/p>\n<\/div><div class=\"fusion-clearfix\"><\/div><\/div><\/div><div class=\"fusion-layout-column fusion_builder_column fusion-builder-column-1 fusion_builder_column_2_5 2_5 fusion-two-fifth fusion-column-last\" style=\"--awb-padding-top:10%;--awb-padding-right:10%;--awb-padding-bottom:10%;--awb-padding-left:10%;--awb-bg-color:#ffffff;--awb-bg-color-hover:#ffffff;--awb-bg-size:cover;--awb-border-color:#1e296b;--awb-border-top:0px;--awb-border-right:0px;--awb-border-bottom:0px;--awb-border-left:0px;--awb-border-style:solid;width:40%;width:calc(40% - ( ( 2% ) * 0.4 ) );\"><div class=\"fusion-column-wrapper fusion-column-has-shadow fusion-flex-column-wrapper-legacy\"><div class=\"fusion-text fusion-text-2\"><h2 class=\"wb-stl-normal fusion-responsive-typography-calculated\" data-fontsize=\"23\" style=\"--fontSize: 23; line-height: 1.2;\" data-lineheight=\"27.6px\">Kontakt<\/h2>\n<p class=\"wb-stl-normal\"><strong>ProjektAccess Sverige AB<br \/><\/strong>Optimusv\u00e4gen 4E                 194 77 Upplands V\u00e4sby<\/p>\n<p class=\"wb-stl-normal\">+46 72 720 42 22<br \/><a href=\"mailto:info@projektaccess.com\">info@projektaccess.com<\/a><\/p>\n<\/div><div class=\"fusion-clearfix\"><\/div><\/div><\/div><\/div><\/div>\n","protected":false},"excerpt":{"rendered":"","protected":false},"author":1,"featured_media":0,"parent":0,"menu_order":0,"comment_status":"closed","ping_status":"closed","template":"100-width.php","meta":{"footnotes":""},"class_list":["post-60","page","type-page","status-publish","hentry"],"_links":{"self":[{"href":"https:\/\/projektaccess.com\/index.php\/wp-json\/wp\/v2\/pages\/60","targetHints":{"allow":["GET"]}}],"collection":[{"href":"https:\/\/projektaccess.com\/index.php\/wp-json\/wp\/v2\/pages"}],"about":[{"href":"https:\/\/projektaccess.com\/index.php\/wp-json\/wp\/v2\/types\/page"}],"author":[{"embeddable":true,"href":"https:\/\/projektaccess.com\/index.php\/wp-json\/wp\/v2\/users\/1"}],"replies":[{"embeddable":true,"href":"https:\/\/projektaccess.com\/index.php\/wp-json\/wp\/v2\/comments?post=60"}],"version-history":[{"count":20,"href":"https:\/\/projektaccess.com\/index.php\/wp-json\/wp\/v2\/pages\/60\/revisions"}],"predecessor-version":[{"id":198,"href":"https:\/\/projektaccess.com\/index.php\/wp-json\/wp\/v2\/pages\/60\/revisions\/198"}],"wp:attachment":[{"href":"https:\/\/projektaccess.com\/index.php\/wp-json\/wp\/v2\/media?parent=60"}],"curies":[{"name":"wp","href":"https:\/\/api.w.org\/{rel}","templated":true}]}}